{"id":791,"date":"2015-06-17T11:12:52","date_gmt":"2015-06-17T11:12:52","guid":{"rendered":"https:\/\/zahnarzt-in-ka.de\/?page_id=791"},"modified":"2023-08-21T08:32:01","modified_gmt":"2023-08-21T08:32:01","slug":"services","status":"publish","type":"page","link":"https:\/\/zahnarztpraxis-speiser.de\/?page_id=791","title":{"rendered":"LEISTUNGEN"},"content":{"rendered":"<p>[vc_row][vc_column width=&#8220;1\/3&#8243;]<figure class=\"sc_image  sc_image_shape_square\"><img decoding=\"async\" src=\"https:\/\/zahnarztpraxis-speiser.de\/wp-content\/uploads\/2023\/06\/DSC_4822-scaled.jpg\" alt=\"\" \/><\/figure>[\/vc_column][vc_column width=&#8220;2\/3&#8243;][vc_column_text]<\/p>\n<h3><span style=\"color: #993366;\">Wir sind f\u00fcr Sie da!<\/span><\/h3>\n<p>Unser geschultes Team m\u00f6chte, dass Sie sich bei uns wohl f\u00fchlen. Mit einer pers\u00f6nlichen Betreuung setzen wir alles daran, in der Praxis eine entspannte Atmosph\u00e4re zu schaffen.<\/p>\n<ul>\n<li>Zeitmanagement bei Terminvergabe hat hohe Priorit\u00e4t<\/li>\n<li>Pers\u00f6nliche, fachkundige Beratung<\/li>\n<li>Diskretion<\/li>\n<li>Benachrichtigungen auf Wunsch<\/li>\n<\/ul>\n<h3><span style=\"color: #993366;\">Benachrichtigungen<\/span><\/h3>\n<p>Auf Wunsch erinnern wir Sie per Post oder per Mail an Ihren n\u00e4chsten Kontroll- oder Prophylaxetermin.<\/p>\n<h3><span style=\"color: #993366;\">Zeitmanagement<\/span><\/h3>\n<p>Was unsere Praxis mit auszeichnet und von unseren Patienten sehr gesch\u00e4tzt wird, sind die \u00e4u\u00dferst kurzen Wartezeiten sowie der z\u00fcgige, qualitativ hochwertige und stressfreie Behandlungsablauf.<br \/>\nF\u00fcr Schmerzpatienten sind unsererseits Pufferzonen eingerichtet, sodass unvorhergesehene F\u00e4lle nicht zu Beeintr\u00e4chtigungen Ihrer Terminabsprache f\u00fchren.<\/p>\n<h3><span style=\"color: #993366;\">Pers\u00f6nliche, fachkundige Beratung<\/span><\/h3>\n<p>Selbstverst\u00e4ndlich geh\u00f6rt vor einer fachkundigen Behandlung eine ausf\u00fchrliche Aufkl\u00e4rung und Beratung.<br \/>\nAuf Diskretion wird unsererseits sehr geachtet.[\/vc_column_text][\/vc_column][\/vc_row][vc_row][vc_column][vc_empty_space height=&#8220;50px&#8220;][\/vc_column][\/vc_row][vc_row][vc_column]<div class=\"columns_wrap sc_columns columns_nofluid sc_columns_count_2\" style=\"height:10px;\"><div class=\"column-1_2 sc_column_item sc_column_item_1 sc_columns_is_hover_no odd first\" style=\"text-align:left;\"><h2 class=\"sc_title sc_title_regular\" style=\"font-size:18px;\"><\/p>\n<h5 class=\"sc_title sc_title_regular\">\u2022\u00a0 \u00c4sthetische Zahnmedizin<\/h5>\n<p><\/h2><h2 class=\"sc_title sc_title_regular\" style=\"font-size:18px;\"><\/p>\n<h5 class=\"sc_title sc_title_regular\">\u2022\u00a0 Amalgam Alternativen<\/h5>\n<p><\/h2><h2 class=\"sc_title sc_title_regular\" style=\"font-size:18px;\"><\/p>\n<h5 class=\"sc_title sc_title_regular\">\u2022\u00a0 Prophylaxe<\/h5>\n<p><\/h2><h2 class=\"sc_title sc_title_regular\" style=\"font-size:18px;\"><\/p>\n<h5 class=\"sc_title sc_title_regular\">\u2022\u00a0 Professionelle Zahnreinigung<\/h5>\n<p><\/h2><h2 class=\"sc_title sc_title_regular\" style=\"font-size:18px;\"><\/p>\n<h5 class=\"sc_title sc_title_regular\">\u2022\u00a0 Bleaching<\/h5>\n<p><\/h2><h2 class=\"sc_title sc_title_regular\" style=\"font-size:18px;\"><\/p>\n<h5 class=\"sc_title sc_title_regular\">\u2022\u00a0 Parodontologie<\/h5>\n<p><\/h2><\/div><div class=\"column-1_2 sc_column_item sc_column_item_2 sc_columns_is_hover_no even\" style=\"text-align:left;\"><h2 class=\"sc_title sc_title_regular\" style=\"font-size:18px;\"><\/p>\n<h5 class=\"sc_title sc_title_regular\">\u2022\u00a0 Zahn\u00e4rztliche Chirurgie<\/h5>\n<p><\/h2><h2 class=\"sc_title sc_title_regular\" style=\"font-size:18px;\"><\/p>\n<h5 class=\"sc_title sc_title_regular\">\u2022\u00a0 Hochwertiger Zahnersatz<\/h5>\n<p><\/h2><h2 class=\"sc_title sc_title_regular\" style=\"font-size:18px;\"><\/p>\n<h5 class=\"sc_title sc_title_regular\">\u2022\u00a0 Minimalinvasive Zahnheilkunde<\/h5>\n<p><\/h2><h2 class=\"sc_title sc_title_regular\" style=\"font-size:18px;\"><\/p>\n<h5 class=\"sc_title sc_title_regular\">\u2022\u00a0 CMD Schienentherapie<\/h5>\n<p><\/h2><h2 class=\"sc_title sc_title_regular\" style=\"font-size:18px;\"><\/p>\n<h5 class=\"sc_title sc_title_regular\">\u2022\u00a0 Gebissschutz f\u00fcr Sportler<\/h5>\n<p><\/h2><h2 class=\"sc_title sc_title_regular\" style=\"font-size:18px;\"><\/p>\n<h5 class=\"sc_title sc_title_regular\">\u2022\u00a0 Endodontie<\/h5>\n<p><\/h2><\/div><\/div>[\/vc_column][\/vc_row]<\/p>\n","protected":false},"excerpt":{"rendered":"<p>[vc_row][vc_column width=&#8220;1\/3&#8243;][\/vc_column][vc_column width=&#8220;2\/3&#8243;][vc_column_text] Wir sind f\u00fcr Sie da! Unser geschultes Team m\u00f6chte, dass Sie sich bei uns wohl f\u00fchlen. Mit einer pers\u00f6nlichen Betreuung setzen wir alles daran, in der Praxis eine entspannte Atmosph\u00e4re zu schaffen. Zeitmanagement bei Terminvergabe hat hohe Priorit\u00e4t Pers\u00f6nliche, fachkundige Beratung Diskretion Benachrichtigungen auf Wunsch Benachrichtigungen Auf Wunsch erinnern wir Sie per [&hellip;]<\/p>\n","protected":false},"author":1,"featured_media":0,"parent":0,"menu_order":0,"comment_status":"closed","ping_status":"closed","template":"","meta":{"footnotes":""},"class_list":["post-791","page","type-page","status-publish","hentry"],"_links":{"self":[{"href":"https:\/\/zahnarztpraxis-speiser.de\/index.php?rest_route=\/wp\/v2\/pages\/791","targetHints":{"allow":["GET"]}}],"collection":[{"href":"https:\/\/zahnarztpraxis-speiser.de\/index.php?rest_route=\/wp\/v2\/pages"}],"about":[{"href":"https:\/\/zahnarztpraxis-speiser.de\/index.php?rest_route=\/wp\/v2\/types\/page"}],"author":[{"embeddable":true,"href":"https:\/\/zahnarztpraxis-speiser.de\/index.php?rest_route=\/wp\/v2\/users\/1"}],"replies":[{"embeddable":true,"href":"https:\/\/zahnarztpraxis-speiser.de\/index.php?rest_route=%2Fwp%2Fv2%2Fcomments&post=791"}],"version-history":[{"count":127,"href":"https:\/\/zahnarztpraxis-speiser.de\/index.php?rest_route=\/wp\/v2\/pages\/791\/revisions"}],"predecessor-version":[{"id":2662,"href":"https:\/\/zahnarztpraxis-speiser.de\/index.php?rest_route=\/wp\/v2\/pages\/791\/revisions\/2662"}],"wp:attachment":[{"href":"https:\/\/zahnarztpraxis-speiser.de\/index.php?rest_route=%2Fwp%2Fv2%2Fmedia&parent=791"}],"curies":[{"name":"wp","href":"https:\/\/api.w.org\/{rel}","templated":true}]}}