{"id":2644,"date":"2023-08-21T08:07:12","date_gmt":"2023-08-21T08:07:12","guid":{"rendered":"https:\/\/zahnarztpraxis-speiser.de\/?page_id=2644"},"modified":"2023-08-21T12:16:35","modified_gmt":"2023-08-21T12:16:35","slug":"home","status":"publish","type":"page","link":"https:\/\/zahnarztpraxis-speiser.de\/","title":{"rendered":"HOME"},"content":{"rendered":"<p>[vc_row][vc_column]<div class=\"columns_wrap sc_columns columns_nofluid sc_columns_count_1\"><div class=\"column-1_1 sc_column_item sc_column_item_1 sc_columns_is_hover_no odd first\">[vc_column_text]<\/p>\n<h2 style=\"text-align: center;\">Herzlich Willkommen in der Zahnarztpraxis Speiser<\/h2>\n<p>[\/vc_column_text][vc_column_text]<\/p>\n<p style=\"text-align: center;\">Seit 1996 steht die Praxis f\u00fcr Zuverl\u00e4ssigkeit und Kontinuit\u00e4t im Bem\u00fchen um die Zahngesundheit unserer Patienten.<\/p>\n<p style=\"text-align: center;\">Gerne laden wir Sie dazu ein, sich auf unserer Website umzuschauen und sich \u00fcber unsere Praxis und unsere Behandlungsmethoden zu informieren.<\/p>\n<p>[\/vc_column_text]<\/div><\/div>[\/vc_column][\/vc_row]<\/p>\n","protected":false},"excerpt":{"rendered":"<p>[vc_row][vc_column][\/vc_column][\/vc_row]<\/p>\n","protected":false},"author":1,"featured_media":0,"parent":0,"menu_order":0,"comment_status":"closed","ping_status":"closed","template":"","meta":{"footnotes":""},"class_list":["post-2644","page","type-page","status-publish","hentry"],"_links":{"self":[{"href":"https:\/\/zahnarztpraxis-speiser.de\/index.php?rest_route=\/wp\/v2\/pages\/2644","targetHints":{"allow":["GET"]}}],"collection":[{"href":"https:\/\/zahnarztpraxis-speiser.de\/index.php?rest_route=\/wp\/v2\/pages"}],"about":[{"href":"https:\/\/zahnarztpraxis-speiser.de\/index.php?rest_route=\/wp\/v2\/types\/page"}],"author":[{"embeddable":true,"href":"https:\/\/zahnarztpraxis-speiser.de\/index.php?rest_route=\/wp\/v2\/users\/1"}],"replies":[{"embeddable":true,"href":"https:\/\/zahnarztpraxis-speiser.de\/index.php?rest_route=%2Fwp%2Fv2%2Fcomments&post=2644"}],"version-history":[{"count":11,"href":"https:\/\/zahnarztpraxis-speiser.de\/index.php?rest_route=\/wp\/v2\/pages\/2644\/revisions"}],"predecessor-version":[{"id":2668,"href":"https:\/\/zahnarztpraxis-speiser.de\/index.php?rest_route=\/wp\/v2\/pages\/2644\/revisions\/2668"}],"wp:attachment":[{"href":"https:\/\/zahnarztpraxis-speiser.de\/index.php?rest_route=%2Fwp%2Fv2%2Fmedia&parent=2644"}],"curies":[{"name":"wp","href":"https:\/\/api.w.org\/{rel}","templated":true}]}}