{"id":2377,"date":"2023-07-02T10:48:23","date_gmt":"2023-07-02T10:48:23","guid":{"rendered":"https:\/\/zahnarzt-in-ka.de\/?page_id=2377"},"modified":"2023-07-14T08:55:44","modified_gmt":"2023-07-14T08:55:44","slug":"datenschutzerklaerung","status":"publish","type":"page","link":"https:\/\/zahnarztpraxis-speiser.de\/?page_id=2377","title":{"rendered":"Datenschutzerkl\u00e4rung"},"content":{"rendered":"<p>[vc_row][vc_column width=&#8220;1\/4&#8243;][vc_column_text][\/vc_column_text][\/vc_column][vc_column width=&#8220;1\/4&#8243;][vc_column_text][\/vc_column_text][\/vc_column][vc_column width=&#8220;1\/4&#8243;][vc_column_text][\/vc_column_text][\/vc_column][vc_column width=&#8220;1\/4&#8243;][vc_column_text][\/vc_column_text][\/vc_column][\/vc_row][vc_row][vc_column][vc_column_text]<\/p>\n<div class=\"elementStandard elementContent elementText elementText_var0\">\n<p><strong>Angaben gem\u00e4\u00df \u00a7 5 TMG<\/strong><br \/>\nBerufsaus\u00fcbungsgemeinschaft (BGB-Gesellschaft) Zahnarztpraxis Speiser &#8211; Karlsruhe<br \/>\nKaiserstra\u00dfe 191-193<br \/>\n76133 Karlsruhe<\/p>\n<p><strong>Vertreten durch<\/strong><\/p>\n<p><strong>Dr. med. dent. Rudolf Speiser<br \/>\nDr. \/ med. univ. Budapest Roland Speiser<br \/>\n<\/strong><\/p>\n<p><strong>Kontakt<\/strong><br \/>\nTelefon: +49 721 24 170<br \/>\nE-Mail: <a href=\"mailto:info@zahnarztpraxis-speiser.de\">info@zahnarztpraxis-speiser.de<\/a><\/p>\n<p><strong>Umsatzsteuer<\/strong><br \/>\nUmsatzsteuer-Identifikationsnummer gem\u00e4\u00df \u00a727 a Umsatzsteuergesetz:<br \/>\nDE<\/p>\n<p><strong>Aufsichtsbeh\u00f6rde<\/strong><br \/>\nKassenzahn\u00e4rztliche Vereinigung Baden W\u00fcrttemberg<br \/>\nHauptverwaltung<br \/>\n<span class=\"excerpt\">Albstadtweg 9<\/span><\/p>\n<p><span class=\"excerpt\">70567 Stuttgart<\/span><\/p>\n<p><strong>Berufsbezeichnung und berufsrechtliche Regelungen<\/strong><br \/>\nBerufsbezeichnung: Zahn\u00e4rzte<br \/>\nZust\u00e4ndige Kammer: Landeszahn\u00e4rztekammer<br \/>\nVerliehen durch: Baden W\u00fcrttemberg<br \/>\nEs gelten folgende berufsrechtliche Regelungen: Heilberufe Kammergesetz, Zahnheilkundegesetz,<br \/>\nBerufsordnung f\u00fcr Zahn\u00e4rzte<br \/>\nRegelungen einsehbar unter: http:\/\/www.lzk.de<\/p>\n<p><strong>Konzept, Design, Programmierung<\/strong><br \/>\nCompuTech IT GmbH<br \/>\nMundenheimer Weg 6<\/p>\n<p>67117 Limburgerhof<br \/>\nTel. +49 6236 429200<\/p>\n<p><strong>Text und Fotos<\/strong><br \/>\nZahnarztpraxis Speiser<\/p>\n<p><strong>Streitschlichtung<\/strong><br \/>\nWir sind nicht bereit oder verpflichtet, an\u00a0 Streitbeilegungsverfahren vor einer Verbraucherschlichtungsstelle teilzunehmen.<\/p>\n<p><strong>Haftung f\u00fcr Inhalte<\/strong><br \/>\nAls Diensteanbieter sind wir gem\u00e4\u00df \u00a7 7 Abs.1 TMG f\u00fcr eigene Inhalte auf diesen Seiten nach den allgemeinen Gesetzen verantwortlich. Nach \u00a7\u00a7 8 bis 10 TMG sind wir als Diensteanbieter jedoch nicht verpflichtet, \u00fcbermittelte oder gespeicherte fremde Informationen zu \u00fcberwachen oder nach Umst\u00e4nden zu forschen, die auf eine rechtswidrige T\u00e4tigkeit hinweisen. Verpflichtungen zur Entfernung oder Sperrung der Nutzung von Informationen nach den allgemeinen Gesetzen bleiben hiervon unber\u00fchrt. Eine diesbez\u00fcgliche Haftung ist jedoch erst ab dem Zeitpunkt der Kenntnis einer konkreten Rechtsverletzung m\u00f6glich. Bei Bekanntwerden von entsprechenden Rechtsverletzungen werden wir diese Inhalte umgehend entfernen.<\/p>\n<p><strong>Haftung f\u00fcr Links<\/strong><br \/>\nUnser Angebot enth\u00e4lt Links zu externen Websites Dritter, auf deren Inhalte wir keinen Einfluss haben. Deshalb k\u00f6nnen wir f\u00fcr diese fremden Inhalte auch keine Gew\u00e4hr \u00fcbernehmen. F\u00fcr die Inhalte der verlinkten Seiten ist stets der jeweilige Anbieter oder Betreiber der Seiten verantwortlich. Die verlinkten Seiten wurden zum Zeitpunkt der Verlinkung auf m\u00f6gliche Rechtsverst\u00f6\u00dfe \u00fcberpr\u00fcft. Rechtswidrige<br \/>\nInhalte waren zum Zeitpunkt der Verlinkung nicht erkennbar. Eine permanente inhaltliche Kontrolle der verlinkten Seiten ist jedoch ohne konkrete Anhaltspunkte einer Rechtsverletzung nicht zumutbar. Bei Bekanntwerden von Rechtsverletzungen werden wir derartige Links umgehend entfernen.<\/p>\n<p><strong>Urheberrecht<\/strong><br \/>\nDie durch die Seitenbetreiber erstellten Inhalte und Werke auf diesen Seiten unterliegen dem deutschen Urheberrecht. Die Vervielf\u00e4ltigung, Bearbeitung, Verbreitung und jede Art der Verwertung au\u00dferhalb der Grenzen des Urheberrechtes bed\u00fcrfen der schriftlichen Zustimmung des jeweiligen Autors bzw. Erstellers. Downloads und Kopien dieser Seite sind nur f\u00fcr den privaten, nicht kommerziellen Gebrauch<br \/>\ngestattet. Soweit die Inhalte auf dieser Seite nicht vom Betreiber erstellt wurden, werden die Urheberrechte Dritter beachtet. Insbesondere werden Inhalte Dritter als solche gekennzeichnet. Sollten Sie trotzdem auf eine Urheberrechtsverletzung aufmerksam werden, bitten wir um einen entsprechenden Hinweis. Bei Bekanntwerden von Rechtsverletzungen werden wir derartige Inhalte umgehend entfernen.<\/p>\n<\/div>\n<p>[\/vc_column_text][\/vc_column][\/vc_row]<\/p>\n","protected":false},"excerpt":{"rendered":"<p>[vc_row][vc_column width=&#8220;1\/4&#8243;][vc_column_text][\/vc_column_text][\/vc_column][vc_column width=&#8220;1\/4&#8243;][vc_column_text][\/vc_column_text][\/vc_column][vc_column width=&#8220;1\/4&#8243;][vc_column_text][\/vc_column_text][\/vc_column][vc_column width=&#8220;1\/4&#8243;][vc_column_text][\/vc_column_text][\/vc_column][\/vc_row][vc_row][vc_column][vc_column_text] Angaben gem\u00e4\u00df \u00a7 5 TMG Berufsaus\u00fcbungsgemeinschaft (BGB-Gesellschaft) Zahnarztpraxis Speiser &#8211; Karlsruhe Kaiserstra\u00dfe 191-193 76133 Karlsruhe Vertreten durch Dr. med. dent. Rudolf Speiser Dr. \/ med. univ. Budapest Roland Speiser Kontakt Telefon: +49 721 24 170 E-Mail: info@zahnarztpraxis-speiser.de Umsatzsteuer Umsatzsteuer-Identifikationsnummer gem\u00e4\u00df \u00a727 a Umsatzsteuergesetz: DE Aufsichtsbeh\u00f6rde Kassenzahn\u00e4rztliche Vereinigung Baden W\u00fcrttemberg Hauptverwaltung [&hellip;]<\/p>\n","protected":false},"author":1,"featured_media":0,"parent":0,"menu_order":0,"comment_status":"closed","ping_status":"closed","template":"","meta":{"footnotes":""},"class_list":["post-2377","page","type-page","status-publish","hentry"],"_links":{"self":[{"href":"https:\/\/zahnarztpraxis-speiser.de\/index.php?rest_route=\/wp\/v2\/pages\/2377","targetHints":{"allow":["GET"]}}],"collection":[{"href":"https:\/\/zahnarztpraxis-speiser.de\/index.php?rest_route=\/wp\/v2\/pages"}],"about":[{"href":"https:\/\/zahnarztpraxis-speiser.de\/index.php?rest_route=\/wp\/v2\/types\/page"}],"author":[{"embeddable":true,"href":"https:\/\/zahnarztpraxis-speiser.de\/index.php?rest_route=\/wp\/v2\/users\/1"}],"replies":[{"embeddable":true,"href":"https:\/\/zahnarztpraxis-speiser.de\/index.php?rest_route=%2Fwp%2Fv2%2Fcomments&post=2377"}],"version-history":[{"count":6,"href":"https:\/\/zahnarztpraxis-speiser.de\/index.php?rest_route=\/wp\/v2\/pages\/2377\/revisions"}],"predecessor-version":[{"id":2440,"href":"https:\/\/zahnarztpraxis-speiser.de\/index.php?rest_route=\/wp\/v2\/pages\/2377\/revisions\/2440"}],"wp:attachment":[{"href":"https:\/\/zahnarztpraxis-speiser.de\/index.php?rest_route=%2Fwp%2Fv2%2Fmedia&parent=2377"}],"curies":[{"name":"wp","href":"https:\/\/api.w.org\/{rel}","templated":true}]}}